{"id":169,"date":"2020-04-04T13:29:09","date_gmt":"2020-04-04T12:29:09","guid":{"rendered":"https:\/\/yangda.de\/?page_id=169"},"modified":"2026-05-01T11:18:58","modified_gmt":"2026-05-01T09:18:58","slug":"169-2","status":"publish","type":"page","link":"https:\/\/yangda.de\/?page_id=169&lang=de","title":{"rendered":""},"content":{"rendered":"\n<h2 class=\"has-text-align-center\"><strong><span class=\"has-inline-color has-vivid-green-cyan-color\">Restaurants (auch f\u00fcr Abholung im Restaurant) akzeptieren  EC-Karten <\/span><\/strong><\/h2>\n\n\n\n<h2 class=\"has-text-align-center\"><strong><span class=\"has-inline-color has-vivid-red-color\"><strong>Mo: <strong>Geschlossen<\/strong><\/strong> <\/span><\/strong><\/h2>\n\n\n\n<h2 class=\"has-text-align-center\"><strong><span class=\"has-inline-color has-vivid-red-color\">Di-So <strong>11:30-15:00<\/strong> <strong>17:00-<strong>22:00<\/strong><\/strong> (K\u00fcche)<\/span><\/strong><\/h2>\n\n\n\n<h3 class=\"has-text-align-center\">Yangda &#8220;<a href=\"https:\/\/yangda.de\/?page_id=4334&amp;lang=de\">Bonuspunkten<\/a>&#8221; ist online<\/h3>\n\n\n\n<p class=\"has-text-align-center has-luminous-vivid-orange-color has-text-color has-large-font-size\"><strong><a href=\"https:\/\/yangda.de\/wp-content\/uploads\/2025\/06\/Menu_YD_01_11_2024_Deutsch_V2.pdf\" target=\"_blank\" rel=\"noreferrer noopener\" data-type=\"URL\">Menu Download<\/a><\/strong><\/p>\n\n\n\n<div class=\"wp-block-nextend-smartslider3\"><\/div>\n\n\n\n<p><\/p>\n\n\n\n<ul><li>Bitte geben Sie Ihre Bestellung mindestens <span class=\"has-inline-color has-vivid-red-color\">eine Stunde<\/span> im Voraus auf.<\/li><li>Nachdem Sie Ihre Bestellung aufgegeben haben, rufen Sie bitte unseren Kundenservice an, um die Abholzeit zu bestimmen.<\/li><\/ul>\n\n\n\n<h3>1. W\u00e4hrend des Testbetriebs des Online-Systems ist die Liefergeb\u00fchr g\u00fcnstig.<\/h3>\n\n\n\n<ul><li>Zone 0(Gr\u00fcn): Der Mindestbestellwert f\u00fcr die Lieferung betr\u00e4gt 30 \u20ac. Liefergeb\u00fchr: 4 \u20ac f\u00fcr Bestellbetrag 30 \u20ac -50 \u20ac; Kostenlos f\u00fcr Bestellbetrag 50 \u20ac.<\/li><li>Zone 1(Gelb): Der Mindestbestellwert f\u00fcr die Lieferung betr\u00e4gt 40 \u20ac. Liefergeb\u00fchr: 5 \u20ac f\u00fcr Bestellbetrag 40 \u20ac -60 \u20ac; Kostenlos f\u00fcr Bestellbetrag 60 \u20ac.<\/li><li>Zone 0: Bitte geben Sie Ihre Bestellung mindestens 1 Stunde im Voraus auf; Zone 1:Bitte geben Sie Ihre Bestellung mindestens 1.5 Stunde im Voraus auf; <\/li><\/ul>\n\n\n\n<h3>Lieferzon<\/h3>\n\n\n\n<div class=\"wp-block-image\"><figure class=\"aligncenter size-large\"><img src=\"https:\/\/yangda.de\/wp-content\/uploads\/2024\/10\/9_15_text-862x1024.png\" alt=\"\"\/><\/figure><\/div>\n\n\n\n<h3>2. Zus\u00e4tzlich zum Lieferservice haben wir in Heidelberg Restaurant Abholpunkte und in Mannheim 2 zeitgesteuerte Abholpunkte eingerichtet. Alle Selbstabholservices sind kostenlos und es gibt keinen Mindestbestellbetrag. Hinweis: Die durch die Abholung angegebene Zeit Punkt ist die Abholzeit, daher m\u00fcssen alle Bestellungen f\u00fcr Abholpunkte mindestens 1 Stunde vor der Abholzeit erfolgen.<\/h3>\n\n\n\n<h3>2.1 Selbstabholpunkt im Restaurant\uff1a<\/h3>\n\n\n\n<ul><li>Heidelberg Wieblingen(Neckarh\u00e4user Str. 3,69123,Heidelberg) (Alle \u00d6ffnungszeiten)<\/li><\/ul>\n\n\n\n<h3>2.2 Selbstabholpunkt im Mannheim\uff1a<\/h3>\n\n\n\n<ul><li>Selbstabholung in Mannheim(Dragon &amp; Phoenix Asia Supermarkt: Maybachstr. 10, 68169) (Mi und Sa 15:30-17:00)<\/li><\/ul>\n","protected":false},"excerpt":{"rendered":"<p>Restaurants (auch f\u00fcr Abholung im Restaurant) akzeptier [&hellip;]<\/p>\n","protected":false},"author":1,"featured_media":0,"parent":0,"menu_order":0,"comment_status":"closed","ping_status":"closed","template":"","meta":[],"_links":{"self":[{"href":"https:\/\/yangda.de\/index.php?rest_route=\/wp\/v2\/pages\/169"}],"collection":[{"href":"https:\/\/yangda.de\/index.php?rest_route=\/wp\/v2\/pages"}],"about":[{"href":"https:\/\/yangda.de\/index.php?rest_route=\/wp\/v2\/types\/page"}],"author":[{"embeddable":true,"href":"https:\/\/yangda.de\/index.php?rest_route=\/wp\/v2\/users\/1"}],"replies":[{"embeddable":true,"href":"https:\/\/yangda.de\/index.php?rest_route=%2Fwp%2Fv2%2Fcomments&post=169"}],"version-history":[{"count":150,"href":"https:\/\/yangda.de\/index.php?rest_route=\/wp\/v2\/pages\/169\/revisions"}],"predecessor-version":[{"id":54079,"href":"https:\/\/yangda.de\/index.php?rest_route=\/wp\/v2\/pages\/169\/revisions\/54079"}],"wp:attachment":[{"href":"https:\/\/yangda.de\/index.php?rest_route=%2Fwp%2Fv2%2Fmedia&parent=169"}],"curies":[{"name":"wp","href":"https:\/\/api.w.org\/{rel}","templated":true}]}}