{"id":4334,"date":"2020-05-09T12:05:02","date_gmt":"2020-05-09T10:05:02","guid":{"rendered":"https:\/\/yangda.de\/?page_id=4334"},"modified":"2020-08-27T15:36:32","modified_gmt":"2020-08-27T13:36:32","slug":"bonuspunkten","status":"publish","type":"page","link":"https:\/\/yangda.de\/?page_id=4334&lang=de","title":{"rendered":"Bonuspunkten"},"content":{"rendered":"\n<h3><span class=\"has-inline-color has-vivid-red-color\">Punkte-Akkumulationsregeln<\/span><\/h3>\n\n\n\n<ul><li>Er\u00f6ffnen Sie ein Konto, um 100 Punkte zu erhalten.<\/li><li>F\u00fcr jeden ausgegebenen Euro 1 Punkt.<\/li><li>F\u00fchren Sie regelm\u00e4\u00dfig Punktrabattaktivit\u00e4ten durch. W\u00e4hrend des Aktionszeitraums der Veranstaltung werden die Punkte multipliziert. Das spezifische Vielfache unterliegt der Ank\u00fcndigung der Veranstaltung.<\/li><li>Punkte werden in der Regel am Abend nach Abschluss der Bestellung an den Benutzer zur\u00fcckgegeben.<\/li><\/ul>\n\n\n\n<h3><span class=\"has-inline-color has-vivid-green-cyan-color\">Regeln zum Einl\u00f6sen von Punkten<\/span><\/h3>\n\n\n\n<p>100 Punkte f\u00fcr 1 Euro. Kann jederzeit zum Abzug vom Einkaufswagen verwendet werden.<\/p>\n\n\n\n<h3>Wie man Punkte benutzt<\/h3>\n\n\n\n<p> Auf der Warenkorbseite, Klicken Sie auf &#8220;<span class=\"has-inline-color has-vivid-red-color\">Apply Points<\/span>&#8220;, um Punkte zu verwenden.<\/p>\n\n\n\n<figure class=\"wp-block-image size-large is-resized\"><img loading=\"lazy\" src=\"https:\/\/yangda.de\/wp-content\/uploads\/2020\/05\/ApplyPoints-1024x569.jpg\" alt=\"\" class=\"wp-image-4325\" width=\"1024\" height=\"569\" srcset=\"https:\/\/yangda.de\/wp-content\/uploads\/2020\/05\/ApplyPoints-1024x569.jpg 1024w, https:\/\/yangda.de\/wp-content\/uploads\/2020\/05\/ApplyPoints-300x167.jpg 300w, https:\/\/yangda.de\/wp-content\/uploads\/2020\/05\/ApplyPoints-768x427.jpg 768w, https:\/\/yangda.de\/wp-content\/uploads\/2020\/05\/ApplyPoints-1536x854.jpg 1536w, https:\/\/yangda.de\/wp-content\/uploads\/2020\/05\/ApplyPoints-2048x1138.jpg 2048w, https:\/\/yangda.de\/wp-content\/uploads\/2020\/05\/ApplyPoints-416x231.jpg 416w\" sizes=\"(max-width: 1024px) 100vw, 1024px\" \/><\/figure>\n\n\n\n<h3>Pers\u00f6nliche Punkte anzeigen<\/h3>\n\n\n<p>Bitte beachten Sie den Abschnitt <a href=\"https:\/\/yangda.de\/?page_id=97&amp;lang=de&amp;points\">Points<\/a> unter &#8220;Mein Account&#8221;.<\/p>\n\n\n<figure class=\"wp-block-image size-large is-resized\"><img loading=\"lazy\" src=\"https:\/\/yangda.de\/wp-content\/uploads\/2020\/05\/Points-1-1024x504.jpg\" alt=\"\" class=\"wp-image-4358\" width=\"768\" height=\"378\" srcset=\"https:\/\/yangda.de\/wp-content\/uploads\/2020\/05\/Points-1-1024x504.jpg 1024w, https:\/\/yangda.de\/wp-content\/uploads\/2020\/05\/Points-1-300x148.jpg 300w, https:\/\/yangda.de\/wp-content\/uploads\/2020\/05\/Points-1-768x378.jpg 768w, https:\/\/yangda.de\/wp-content\/uploads\/2020\/05\/Points-1-1536x756.jpg 1536w, https:\/\/yangda.de\/wp-content\/uploads\/2020\/05\/Points-1-2048x1008.jpg 2048w, https:\/\/yangda.de\/wp-content\/uploads\/2020\/05\/Points-1-416x205.jpg 416w\" sizes=\"(max-width: 768px) 100vw, 768px\" \/><\/figure>\n","protected":false},"excerpt":{"rendered":"<p>Punkte-Akkumulationsregeln Er\u00f6ffnen Sie ein Konto, um 1 [&hellip;]<\/p>\n","protected":false},"author":1,"featured_media":0,"parent":0,"menu_order":0,"comment_status":"closed","ping_status":"closed","template":"","meta":[],"_links":{"self":[{"href":"https:\/\/yangda.de\/index.php?rest_route=\/wp\/v2\/pages\/4334"}],"collection":[{"href":"https:\/\/yangda.de\/index.php?rest_route=\/wp\/v2\/pages"}],"about":[{"href":"https:\/\/yangda.de\/index.php?rest_route=\/wp\/v2\/types\/page"}],"author":[{"embeddable":true,"href":"https:\/\/yangda.de\/index.php?rest_route=\/wp\/v2\/users\/1"}],"replies":[{"embeddable":true,"href":"https:\/\/yangda.de\/index.php?rest_route=%2Fwp%2Fv2%2Fcomments&post=4334"}],"version-history":[{"count":11,"href":"https:\/\/yangda.de\/index.php?rest_route=\/wp\/v2\/pages\/4334\/revisions"}],"predecessor-version":[{"id":8130,"href":"https:\/\/yangda.de\/index.php?rest_route=\/wp\/v2\/pages\/4334\/revisions\/8130"}],"wp:attachment":[{"href":"https:\/\/yangda.de\/index.php?rest_route=%2Fwp%2Fv2%2Fmedia&parent=4334"}],"curies":[{"name":"wp","href":"https:\/\/api.w.org\/{rel}","templated":true}]}}