{"id":11402,"date":"2020-11-24T22:14:40","date_gmt":"2020-11-24T21:14:41","guid":{"rendered":"https:\/\/yangda.de\/?post_type=product&#038;p=11402"},"modified":"2023-12-31T23:02:44","modified_gmt":"2023-12-31T22:02:44","slug":"deluxe-feuertopf-paket-fur-1-person","status":"publish","type":"product","link":"https:\/\/yangda.de\/?produkt=deluxe-feuertopf-paket-fur-1-person&lang=de","title":{"rendered":"Deluxe Feuertopf Paket f\u00fcr 1 Person"},"content":{"rendered":"<p>Deluxe Feuertopf Paket f\u00fcr 1 Person. W\u00e4hlen Sie 2 spezielle Produkte aus 4<\/p>\n<p>Lammbr\u00f6tchen (150 g)<br \/>\nRinderbr\u00f6tchen (150g)<br \/>\nTilapia-Filet<br \/>\nUdon Nudel<br \/>\nFischrutsche<br \/>\nWintermelone<br \/>\nLotuswurzelscheiben<br \/>\nReiskuchen<br \/>\nTofu<br \/>\ngefrorener Tofu<br \/>\nKonjac<br \/>\nEnoki-Pilz<br \/>\nPleurotus ostreatus<br \/>\nVerschiedene Gem\u00fcsesorten<br \/>\nSchalotte und Petersilie<br \/>\nChiliso\u00dfe<br \/>\nTahini<br \/>\nErdnussbutter<br \/>\nKnoblauch mit Sesam\u00f6l<\/p>\n","protected":false},"excerpt":{"rendered":"<p>Deluxe Feuertopf Paket f\u00fcr 1 Person. W\u00e4hlen Sie 2 spezielle Produkte aus 4<\/p>\n","protected":false},"featured_media":11409,"template":"","meta":[],"product_cat":[126],"product_tag":[],"_links":{"self":[{"href":"https:\/\/yangda.de\/index.php?rest_route=\/wp\/v2\/product\/11402"}],"collection":[{"href":"https:\/\/yangda.de\/index.php?rest_route=\/wp\/v2\/product"}],"about":[{"href":"https:\/\/yangda.de\/index.php?rest_route=\/wp\/v2\/types\/product"}],"wp:featuredmedia":[{"embeddable":true,"href":"https:\/\/yangda.de\/index.php?rest_route=\/wp\/v2\/media\/11409"}],"wp:attachment":[{"href":"https:\/\/yangda.de\/index.php?rest_route=%2Fwp%2Fv2%2Fmedia&parent=11402"}],"wp:term":[{"taxonomy":"product_cat","embeddable":true,"href":"https:\/\/yangda.de\/index.php?rest_route=%2Fwp%2Fv2%2Fproduct_cat&post=11402"},{"taxonomy":"product_tag","embeddable":true,"href":"https:\/\/yangda.de\/index.php?rest_route=%2Fwp%2Fv2%2Fproduct_tag&post=11402"}],"curies":[{"name":"wp","href":"https:\/\/api.w.org\/{rel}","templated":true}]}}