{"id":12573,"date":"2020-12-17T15:26:01","date_gmt":"2020-12-17T14:26:01","guid":{"rendered":"https:\/\/yangda.de\/?product=12573"},"modified":"2022-03-21T16:54:06","modified_gmt":"2022-03-21T15:54:06","slug":"gebratene-gans","status":"publish","type":"product","link":"https:\/\/yangda.de\/?produkt=gebratene-gans&lang=de","title":{"rendered":"Gebratene Gans"},"content":{"rendered":"<p>Wir w\u00e4hlen ungef\u00e4hr 4,5 kg Gans aus und machen heimlich eine k\u00f6stliche ger\u00f6stete Gans von ungef\u00e4hr 2,2 kg. <span class=\"JLqJ4b ChMk0b\" data-language-for-alternatives=\"de\" data-language-to-translate-into=\"auto\" data-phrase-index=\"1\">Gebratene Gans wird nach dem Braten vakuumgefroren, bitte vor dem Essen in den Ofen stellen, um sie zu erhitzen! Ab dem 22. Dezember 2020 im Verkauf!<\/span><\/p>\n","protected":false},"excerpt":{"rendered":"<p><span class=\"JLqJ4b ChMk0b\" data-language-for-alternatives=\"de\" data-language-to-translate-into=\"auto\" data-phrase-index=\"1\">Gebratene Gans wird nach dem Braten vakuumgefroren, bitte vor dem Essen in den Ofen stellen, um sie zu erhitzen! Ab dem 22. Dezember 2020 im Verkauf!<\/span><\/p>\n","protected":false},"featured_media":12806,"template":"","meta":[],"product_cat":[97],"product_tag":[],"_links":{"self":[{"href":"https:\/\/yangda.de\/index.php?rest_route=\/wp\/v2\/product\/12573"}],"collection":[{"href":"https:\/\/yangda.de\/index.php?rest_route=\/wp\/v2\/product"}],"about":[{"href":"https:\/\/yangda.de\/index.php?rest_route=\/wp\/v2\/types\/product"}],"wp:featuredmedia":[{"embeddable":true,"href":"https:\/\/yangda.de\/index.php?rest_route=\/wp\/v2\/media\/12806"}],"wp:attachment":[{"href":"https:\/\/yangda.de\/index.php?rest_route=%2Fwp%2Fv2%2Fmedia&parent=12573"}],"wp:term":[{"taxonomy":"product_cat","embeddable":true,"href":"https:\/\/yangda.de\/index.php?rest_route=%2Fwp%2Fv2%2Fproduct_cat&post=12573"},{"taxonomy":"product_tag","embeddable":true,"href":"https:\/\/yangda.de\/index.php?rest_route=%2Fwp%2Fv2%2Fproduct_tag&post=12573"}],"curies":[{"name":"wp","href":"https:\/\/api.w.org\/{rel}","templated":true}]}}