{"id":15560,"date":"2021-02-12T12:23:39","date_gmt":"2021-02-12T10:23:39","guid":{"rendered":"https:\/\/yangda.de\/?post_type=product&#038;p=15560"},"modified":"2022-07-09T17:48:21","modified_gmt":"2022-07-09T15:48:21","slug":"gutschein","status":"publish","type":"product","link":"https:\/\/yangda.de\/?product=gutschein","title":{"rendered":"Gutschein"},"content":{"rendered":"<p class=\"gc-detail-page-title\">\u53d1\u9001\u7535\u5b50\u793c\u7269\u5361\u7ed9\u60a8\u7684\u597d\u670b\u53cb\u548c\u4eb2\u4eba\u3002\u9009\u53d6\u91d1\u989d\uff0c\u5e76\u586b\u5199\u76f8\u5173\u4fe1\u606f\uff0c\u5305\u62ec\u5bf9\u65b9\u7684email\u3002\u5bf9\u65b9\u5c06\u6536\u5230\u4e00\u5c01\u5305\u542bCOUPON CODE\u7684email\u3002\u6b64COUPON CODE\u5373\u53ef\u7528\u7f51\u7ad9\u8d2d\u7269\u3002<\/p>\n<p>Send e-gift cards to your friends and relatives. <span class=\"JLqJ4b ChMk0b\" data-language-for-alternatives=\"en\" data-language-to-translate-into=\"zh-CN\" data-phrase-index=\"1\">Select the amount and fill in the relevant information, including the other party\u2019s email. The other party will receive an email containing COUPON CODE. This COUPON CODE can be used for online shopping.<\/span><\/p>\n<p>Senden Sie E-Geschenkkarten an Ihre Freunde und Verwandten. <span class=\"JLqJ4b ChMk0b\" data-language-for-alternatives=\"de\" data-language-to-translate-into=\"zh-CN\" data-phrase-index=\"1\">W\u00e4hlen Sie den Betrag aus und geben Sie die relevanten Informationen ein, einschlie\u00dflich der E-Mail-Adresse der anderen Partei. Die andere Partei erh\u00e4lt eine E-Mail mit COUPON CODE. Dieser COUPON CODE kann f\u00fcr Online-Eink\u00e4ufe verwendet werden.<\/span><\/p>\n","protected":false},"excerpt":{"rendered":"<p><span id=\"gc-asin-title\">Gutschein<\/span><\/p>\n","protected":false},"featured_media":14245,"template":"","meta":[],"product_cat":[144],"product_tag":[],"_links":{"self":[{"href":"https:\/\/yangda.de\/index.php?rest_route=\/wp\/v2\/product\/15560"}],"collection":[{"href":"https:\/\/yangda.de\/index.php?rest_route=\/wp\/v2\/product"}],"about":[{"href":"https:\/\/yangda.de\/index.php?rest_route=\/wp\/v2\/types\/product"}],"wp:featuredmedia":[{"embeddable":true,"href":"https:\/\/yangda.de\/index.php?rest_route=\/wp\/v2\/media\/14245"}],"wp:attachment":[{"href":"https:\/\/yangda.de\/index.php?rest_route=%2Fwp%2Fv2%2Fmedia&parent=15560"}],"wp:term":[{"taxonomy":"product_cat","embeddable":true,"href":"https:\/\/yangda.de\/index.php?rest_route=%2Fwp%2Fv2%2Fproduct_cat&post=15560"},{"taxonomy":"product_tag","embeddable":true,"href":"https:\/\/yangda.de\/index.php?rest_route=%2Fwp%2Fv2%2Fproduct_tag&post=15560"}],"curies":[{"name":"wp","href":"https:\/\/api.w.org\/{rel}","templated":true}]}}