{"id":16152,"date":"2021-02-23T18:59:31","date_gmt":"2021-02-23T17:59:31","guid":{"rendered":"https:\/\/yangda.de\/?post_type=product&#038;p=16152"},"modified":"2023-12-31T23:02:28","modified_gmt":"2023-12-31T22:02:28","slug":"huhnerfleisch-mit-sussauersose","status":"publish","type":"product","link":"https:\/\/yangda.de\/?produkt=huhnerfleisch-mit-sussauersose&lang=de","title":{"rendered":"H\u00fchnerfleisch mit S\u00fc\u00dfsauerso\u00dfe"},"content":{"rendered":"<p>H\u00fchnerfleisch mit S\u00fc\u00dfsauerso\u00dfe<\/p>\n","protected":false},"excerpt":{"rendered":"<p>H\u00fchnerfleisch mit S\u00fc\u00dfsauerso\u00dfe <\/p>\n","protected":false},"featured_media":16165,"template":"","meta":[],"product_cat":[57],"product_tag":[],"_links":{"self":[{"href":"https:\/\/yangda.de\/index.php?rest_route=\/wp\/v2\/product\/16152"}],"collection":[{"href":"https:\/\/yangda.de\/index.php?rest_route=\/wp\/v2\/product"}],"about":[{"href":"https:\/\/yangda.de\/index.php?rest_route=\/wp\/v2\/types\/product"}],"wp:featuredmedia":[{"embeddable":true,"href":"https:\/\/yangda.de\/index.php?rest_route=\/wp\/v2\/media\/16165"}],"wp:attachment":[{"href":"https:\/\/yangda.de\/index.php?rest_route=%2Fwp%2Fv2%2Fmedia&parent=16152"}],"wp:term":[{"taxonomy":"product_cat","embeddable":true,"href":"https:\/\/yangda.de\/index.php?rest_route=%2Fwp%2Fv2%2Fproduct_cat&post=16152"},{"taxonomy":"product_tag","embeddable":true,"href":"https:\/\/yangda.de\/index.php?rest_route=%2Fwp%2Fv2%2Fproduct_tag&post=16152"}],"curies":[{"name":"wp","href":"https:\/\/api.w.org\/{rel}","templated":true}]}}