{"id":19060,"date":"2021-04-30T11:31:58","date_gmt":"2021-04-30T09:31:59","guid":{"rendered":"https:\/\/yangda.de\/?post_type=product&#038;p=19060"},"modified":"2023-12-31T23:02:24","modified_gmt":"2023-12-31T22:02:24","slug":"teigtaschen-mit-hahnchen-gemusefullung","status":"publish","type":"product","link":"https:\/\/yangda.de\/?produkt=teigtaschen-mit-hahnchen-gemusefullung&lang=de","title":{"rendered":"Teigtaschen mit H\u00e4hnchen-Gem\u00fcsef\u00fcllung"},"content":{"rendered":"<p>Teigtaschen mit H\u00e4hnchen-Gem\u00fcsef\u00fcllung<\/p>\n","protected":false},"excerpt":{"rendered":"<p>Teigtaschen mit H\u00e4hnchen-Gem\u00fcsef\u00fcllung<\/p>\n","protected":false},"featured_media":19049,"template":"","meta":[],"product_cat":[57,59],"product_tag":[],"_links":{"self":[{"href":"https:\/\/yangda.de\/index.php?rest_route=\/wp\/v2\/product\/19060"}],"collection":[{"href":"https:\/\/yangda.de\/index.php?rest_route=\/wp\/v2\/product"}],"about":[{"href":"https:\/\/yangda.de\/index.php?rest_route=\/wp\/v2\/types\/product"}],"wp:featuredmedia":[{"embeddable":true,"href":"https:\/\/yangda.de\/index.php?rest_route=\/wp\/v2\/media\/19049"}],"wp:attachment":[{"href":"https:\/\/yangda.de\/index.php?rest_route=%2Fwp%2Fv2%2Fmedia&parent=19060"}],"wp:term":[{"taxonomy":"product_cat","embeddable":true,"href":"https:\/\/yangda.de\/index.php?rest_route=%2Fwp%2Fv2%2Fproduct_cat&post=19060"},{"taxonomy":"product_tag","embeddable":true,"href":"https:\/\/yangda.de\/index.php?rest_route=%2Fwp%2Fv2%2Fproduct_tag&post=19060"}],"curies":[{"name":"wp","href":"https:\/\/api.w.org\/{rel}","templated":true}]}}