{"id":2829,"date":"2020-04-06T11:23:53","date_gmt":"2020-04-06T09:23:53","guid":{"rendered":"https:\/\/yangda.de\/?product=teigtaschen-mit-schweinefleisch-gemusefullung"},"modified":"2023-12-31T23:02:17","modified_gmt":"2023-12-31T22:02:17","slug":"teigtaschen-mit-schweinefleisch-gemusefullung","status":"publish","type":"product","link":"https:\/\/yangda.de\/?produkt=teigtaschen-mit-schweinefleisch-gemusefullung&lang=de","title":{"rendered":"Teigtaschen mit Schweinefleisch-Gem\u00fcsef\u00fcllung"},"content":{"rendered":"<p>Teigtaschen mit Schweinefleisch-Gem\u00fcsef\u00fcllung<\/p>\n","protected":false},"excerpt":{"rendered":"<p>Teigtaschen mit Schweinefleisch-Gem\u00fcsef\u00fcllung<\/p>\n","protected":false},"featured_media":2571,"template":"","meta":[],"product_cat":[59,55],"product_tag":[],"_links":{"self":[{"href":"https:\/\/yangda.de\/index.php?rest_route=\/wp\/v2\/product\/2829"}],"collection":[{"href":"https:\/\/yangda.de\/index.php?rest_route=\/wp\/v2\/product"}],"about":[{"href":"https:\/\/yangda.de\/index.php?rest_route=\/wp\/v2\/types\/product"}],"wp:featuredmedia":[{"embeddable":true,"href":"https:\/\/yangda.de\/index.php?rest_route=\/wp\/v2\/media\/2571"}],"wp:attachment":[{"href":"https:\/\/yangda.de\/index.php?rest_route=%2Fwp%2Fv2%2Fmedia&parent=2829"}],"wp:term":[{"taxonomy":"product_cat","embeddable":true,"href":"https:\/\/yangda.de\/index.php?rest_route=%2Fwp%2Fv2%2Fproduct_cat&post=2829"},{"taxonomy":"product_tag","embeddable":true,"href":"https:\/\/yangda.de\/index.php?rest_route=%2Fwp%2Fv2%2Fproduct_tag&post=2829"}],"curies":[{"name":"wp","href":"https:\/\/api.w.org\/{rel}","templated":true}]}}