{"id":3023,"date":"2020-04-06T11:23:50","date_gmt":"2020-04-06T09:23:50","guid":{"rendered":"https:\/\/yangda.de\/?product=suskartoffelfadennudeln-mit-schweinehackfleisch"},"modified":"2023-12-31T23:02:11","modified_gmt":"2023-12-31T22:02:11","slug":"suskartoffelfadennudeln-mit-schweinehackfleisch","status":"publish","type":"product","link":"https:\/\/yangda.de\/?produkt=suskartoffelfadennudeln-mit-schweinehackfleisch&lang=de","title":{"rendered":"S\u00fc\u00dfkartoffelfadennudeln mit Schweinehackfleisch"},"content":{"rendered":"<p>S\u00fc\u00dfkartoffelfadennudeln mit Schweinehackfleisch<\/p>\n","protected":false},"excerpt":{"rendered":"<p>S\u00fc\u00dfkartoffelfadennudeln mit Schweinehackfleisch<\/p>\n","protected":false},"featured_media":2655,"template":"","meta":[],"product_cat":[55],"product_tag":[],"_links":{"self":[{"href":"https:\/\/yangda.de\/index.php?rest_route=\/wp\/v2\/product\/3023"}],"collection":[{"href":"https:\/\/yangda.de\/index.php?rest_route=\/wp\/v2\/product"}],"about":[{"href":"https:\/\/yangda.de\/index.php?rest_route=\/wp\/v2\/types\/product"}],"wp:featuredmedia":[{"embeddable":true,"href":"https:\/\/yangda.de\/index.php?rest_route=\/wp\/v2\/media\/2655"}],"wp:attachment":[{"href":"https:\/\/yangda.de\/index.php?rest_route=%2Fwp%2Fv2%2Fmedia&parent=3023"}],"wp:term":[{"taxonomy":"product_cat","embeddable":true,"href":"https:\/\/yangda.de\/index.php?rest_route=%2Fwp%2Fv2%2Fproduct_cat&post=3023"},{"taxonomy":"product_tag","embeddable":true,"href":"https:\/\/yangda.de\/index.php?rest_route=%2Fwp%2Fv2%2Fproduct_tag&post=3023"}],"curies":[{"name":"wp","href":"https:\/\/api.w.org\/{rel}","templated":true}]}}