{"id":3029,"date":"2020-04-06T11:23:50","date_gmt":"2020-04-06T09:23:50","guid":{"rendered":"https:\/\/yangda.de\/?product=kostliche-auberginenschachtel-mit-schweinehackfleischfullung"},"modified":"2022-11-29T12:31:57","modified_gmt":"2022-11-29T11:31:57","slug":"kostliche-auberginenschachtel-mit-schweinehackfleischfullung","status":"publish","type":"product","link":"https:\/\/yangda.de\/?produkt=kostliche-auberginenschachtel-mit-schweinehackfleischfullung&lang=de","title":{"rendered":"K\u00f6stliche Auberginenschachtel mit Schweinehackfleischf\u00fcllung"},"content":{"rendered":"<p>K\u00f6stliche Auberginenschachtel mit Schweinehackfleischf\u00fcllung<\/p>\n","protected":false},"excerpt":{"rendered":"<p>K\u00f6stliche Auberginenschachtel mit Schweinehackfleischf\u00fcllung<\/p>\n","protected":false},"featured_media":3393,"template":"","meta":[],"product_cat":[55],"product_tag":[],"_links":{"self":[{"href":"https:\/\/yangda.de\/index.php?rest_route=\/wp\/v2\/product\/3029"}],"collection":[{"href":"https:\/\/yangda.de\/index.php?rest_route=\/wp\/v2\/product"}],"about":[{"href":"https:\/\/yangda.de\/index.php?rest_route=\/wp\/v2\/types\/product"}],"wp:featuredmedia":[{"embeddable":true,"href":"https:\/\/yangda.de\/index.php?rest_route=\/wp\/v2\/media\/3393"}],"wp:attachment":[{"href":"https:\/\/yangda.de\/index.php?rest_route=%2Fwp%2Fv2%2Fmedia&parent=3029"}],"wp:term":[{"taxonomy":"product_cat","embeddable":true,"href":"https:\/\/yangda.de\/index.php?rest_route=%2Fwp%2Fv2%2Fproduct_cat&post=3029"},{"taxonomy":"product_tag","embeddable":true,"href":"https:\/\/yangda.de\/index.php?rest_route=%2Fwp%2Fv2%2Fproduct_tag&post=3029"}],"curies":[{"name":"wp","href":"https:\/\/api.w.org\/{rel}","templated":true}]}}