{"id":3160,"date":"2020-04-06T15:58:48","date_gmt":"2020-04-06T13:58:48","guid":{"rendered":"https:\/\/yangda.de\/?product=hahnchenflugel-mit-peperoni"},"modified":"2023-12-31T23:02:25","modified_gmt":"2023-12-31T22:02:25","slug":"hahnchenflugel-mit-peperoni","status":"publish","type":"product","link":"https:\/\/yangda.de\/?produkt=hahnchenflugel-mit-peperoni&lang=de","title":{"rendered":"H\u00e4hnchenfl\u00fcgel mit Peperoni"},"content":{"rendered":"<p>H\u00e4hnchenfl\u00fcgel mit Peperoni<\/p>\n","protected":false},"excerpt":{"rendered":"<p>H\u00e4hnchenfl\u00fcgel mit Peperoni<\/p>\n","protected":false},"featured_media":2760,"template":"","meta":[],"product_cat":[57],"product_tag":[],"_links":{"self":[{"href":"https:\/\/yangda.de\/index.php?rest_route=\/wp\/v2\/product\/3160"}],"collection":[{"href":"https:\/\/yangda.de\/index.php?rest_route=\/wp\/v2\/product"}],"about":[{"href":"https:\/\/yangda.de\/index.php?rest_route=\/wp\/v2\/types\/product"}],"wp:featuredmedia":[{"embeddable":true,"href":"https:\/\/yangda.de\/index.php?rest_route=\/wp\/v2\/media\/2760"}],"wp:attachment":[{"href":"https:\/\/yangda.de\/index.php?rest_route=%2Fwp%2Fv2%2Fmedia&parent=3160"}],"wp:term":[{"taxonomy":"product_cat","embeddable":true,"href":"https:\/\/yangda.de\/index.php?rest_route=%2Fwp%2Fv2%2Fproduct_cat&post=3160"},{"taxonomy":"product_tag","embeddable":true,"href":"https:\/\/yangda.de\/index.php?rest_route=%2Fwp%2Fv2%2Fproduct_tag&post=3160"}],"curies":[{"name":"wp","href":"https:\/\/api.w.org\/{rel}","templated":true}]}}