{"id":3162,"date":"2020-04-06T15:58:48","date_gmt":"2020-04-06T13:58:48","guid":{"rendered":"https:\/\/yangda.de\/?product=hahnchenflugel-mit-trockenen-cayennepfeffer-nach-sichuan-art"},"modified":"2023-12-31T23:02:25","modified_gmt":"2023-12-31T22:02:25","slug":"hahnchenflugel-mit-trockenen-cayennepfeffer-nach-sichuan-art","status":"publish","type":"product","link":"https:\/\/yangda.de\/?produkt=hahnchenflugel-mit-trockenen-cayennepfeffer-nach-sichuan-art&lang=de","title":{"rendered":"H\u00e4hnchenfl\u00fcgel mit trockenen Cayennepfeffer nach Sichuan Art"},"content":{"rendered":"<p>H\u00e4hnchenfl\u00fcgel mit trockenen Cayennepfeffer nach Sichuan Art<\/p>\n","protected":false},"excerpt":{"rendered":"<p><img class=\"alignleft\" src=\"https:\/\/yangda.de\/wp-content\/uploads\/2020\/05\/hot3.png\" \/> <a href=\"https:\/\/yangda.de\/?page_id=3910&#038;lang=de\">5 A<\/a><\/p>\n","protected":false},"featured_media":2580,"template":"","meta":[],"product_cat":[57],"product_tag":[],"_links":{"self":[{"href":"https:\/\/yangda.de\/index.php?rest_route=\/wp\/v2\/product\/3162"}],"collection":[{"href":"https:\/\/yangda.de\/index.php?rest_route=\/wp\/v2\/product"}],"about":[{"href":"https:\/\/yangda.de\/index.php?rest_route=\/wp\/v2\/types\/product"}],"wp:featuredmedia":[{"embeddable":true,"href":"https:\/\/yangda.de\/index.php?rest_route=\/wp\/v2\/media\/2580"}],"wp:attachment":[{"href":"https:\/\/yangda.de\/index.php?rest_route=%2Fwp%2Fv2%2Fmedia&parent=3162"}],"wp:term":[{"taxonomy":"product_cat","embeddable":true,"href":"https:\/\/yangda.de\/index.php?rest_route=%2Fwp%2Fv2%2Fproduct_cat&post=3162"},{"taxonomy":"product_tag","embeddable":true,"href":"https:\/\/yangda.de\/index.php?rest_route=%2Fwp%2Fv2%2Fproduct_tag&post=3162"}],"curies":[{"name":"wp","href":"https:\/\/api.w.org\/{rel}","templated":true}]}}