{"id":3203,"date":"2020-04-26T17:02:24","date_gmt":"2020-04-26T15:02:24","guid":{"rendered":"https:\/\/yangda.de\/?post_type=product&#038;p=3203"},"modified":"2023-12-31T23:02:28","modified_gmt":"2023-12-31T22:02:28","slug":"huhnerfilet-mit-gemuse","status":"publish","type":"product","link":"https:\/\/yangda.de\/?produkt=huhnerfilet-mit-gemuse&lang=de","title":{"rendered":"H\u00fchnerfilet mit Gem\u00fcse"},"content":{"rendered":"<p>H\u00fchnerfilet mit Gem\u00fcse<\/p>\n","protected":false},"excerpt":{"rendered":"<p>H\u00fchnerfilet mit Gem\u00fcse<\/p>\n","protected":false},"featured_media":3354,"template":"","meta":[],"product_cat":[57],"product_tag":[],"_links":{"self":[{"href":"https:\/\/yangda.de\/index.php?rest_route=\/wp\/v2\/product\/3203"}],"collection":[{"href":"https:\/\/yangda.de\/index.php?rest_route=\/wp\/v2\/product"}],"about":[{"href":"https:\/\/yangda.de\/index.php?rest_route=\/wp\/v2\/types\/product"}],"wp:featuredmedia":[{"embeddable":true,"href":"https:\/\/yangda.de\/index.php?rest_route=\/wp\/v2\/media\/3354"}],"wp:attachment":[{"href":"https:\/\/yangda.de\/index.php?rest_route=%2Fwp%2Fv2%2Fmedia&parent=3203"}],"wp:term":[{"taxonomy":"product_cat","embeddable":true,"href":"https:\/\/yangda.de\/index.php?rest_route=%2Fwp%2Fv2%2Fproduct_cat&post=3203"},{"taxonomy":"product_tag","embeddable":true,"href":"https:\/\/yangda.de\/index.php?rest_route=%2Fwp%2Fv2%2Fproduct_tag&post=3203"}],"curies":[{"name":"wp","href":"https:\/\/api.w.org\/{rel}","templated":true}]}}