{"id":3517,"date":"2020-04-06T10:01:27","date_gmt":"2020-04-06T08:01:27","guid":{"rendered":"https:\/\/yangda.de\/?product=gebratene-nudeln-mit-chinakohl"},"modified":"2023-12-31T23:02:10","modified_gmt":"2023-12-31T22:02:10","slug":"gebratene-suskartoffelfadennudeln-mit-chinakohl","status":"publish","type":"product","link":"https:\/\/yangda.de\/?produkt=gebratene-suskartoffelfadennudeln-mit-chinakohl&lang=de","title":{"rendered":"Gebratene S\u00fc\u00dfkartoffelfadennudeln mit Chinakohl"},"content":{"rendered":"<p>Gebratene S\u00fc\u00dfkartoffelfadennudeln mit Chinakohl<\/p>\n","protected":false},"excerpt":{"rendered":"<p>Gebratene S\u00fc\u00dfkartoffelfadennudeln mit Chinakohl<\/p>\n","protected":false},"featured_media":2619,"template":"","meta":[],"product_cat":[54],"product_tag":[],"_links":{"self":[{"href":"https:\/\/yangda.de\/index.php?rest_route=\/wp\/v2\/product\/3517"}],"collection":[{"href":"https:\/\/yangda.de\/index.php?rest_route=\/wp\/v2\/product"}],"about":[{"href":"https:\/\/yangda.de\/index.php?rest_route=\/wp\/v2\/types\/product"}],"wp:featuredmedia":[{"embeddable":true,"href":"https:\/\/yangda.de\/index.php?rest_route=\/wp\/v2\/media\/2619"}],"wp:attachment":[{"href":"https:\/\/yangda.de\/index.php?rest_route=%2Fwp%2Fv2%2Fmedia&parent=3517"}],"wp:term":[{"taxonomy":"product_cat","embeddable":true,"href":"https:\/\/yangda.de\/index.php?rest_route=%2Fwp%2Fv2%2Fproduct_cat&post=3517"},{"taxonomy":"product_tag","embeddable":true,"href":"https:\/\/yangda.de\/index.php?rest_route=%2Fwp%2Fv2%2Fproduct_tag&post=3517"}],"curies":[{"name":"wp","href":"https:\/\/api.w.org\/{rel}","templated":true}]}}