{"id":36351,"date":"2020-04-13T11:31:47","date_gmt":"2020-04-13T10:31:47","guid":{"rendered":"https:\/\/yangda.de\/?product=geschmorte-huehnerfuesse-400g"},"modified":"2023-12-31T23:02:36","modified_gmt":"2023-12-31T22:02:36","slug":"geschmorte-huehnerfuesse-400g","status":"publish","type":"product","link":"https:\/\/yangda.de\/?produkt=geschmorte-huehnerfuesse-400g&lang=de","title":{"rendered":"Geschmorte H\u00fchnerf\u00fc\u00dfe (400g)"},"content":{"rendered":"","protected":false},"excerpt":{"rendered":"","protected":false},"featured_media":3835,"template":"","meta":[],"product_cat":[123],"product_tag":[],"_links":{"self":[{"href":"https:\/\/yangda.de\/index.php?rest_route=\/wp\/v2\/product\/36351"}],"collection":[{"href":"https:\/\/yangda.de\/index.php?rest_route=\/wp\/v2\/product"}],"about":[{"href":"https:\/\/yangda.de\/index.php?rest_route=\/wp\/v2\/types\/product"}],"wp:featuredmedia":[{"embeddable":true,"href":"https:\/\/yangda.de\/index.php?rest_route=\/wp\/v2\/media\/3835"}],"wp:attachment":[{"href":"https:\/\/yangda.de\/index.php?rest_route=%2Fwp%2Fv2%2Fmedia&parent=36351"}],"wp:term":[{"taxonomy":"product_cat","embeddable":true,"href":"https:\/\/yangda.de\/index.php?rest_route=%2Fwp%2Fv2%2Fproduct_cat&post=36351"},{"taxonomy":"product_tag","embeddable":true,"href":"https:\/\/yangda.de\/index.php?rest_route=%2Fwp%2Fv2%2Fproduct_tag&post=36351"}],"curies":[{"name":"wp","href":"https:\/\/api.w.org\/{rel}","templated":true}]}}