{"id":3669,"date":"2020-04-06T19:45:27","date_gmt":"2020-04-06T17:45:27","guid":{"rendered":"https:\/\/yangda.de\/?product=gedampfter-wolfsbarsch-mit-lauchzwiebeln-und-ingwer-in-sojasose"},"modified":"2024-10-31T22:33:58","modified_gmt":"2024-10-31T21:33:58","slug":"gedampfter-wolfsbarsch-mit-lauchzwiebeln-und-ingwer-in-sojasose","status":"publish","type":"product","link":"https:\/\/yangda.de\/?produkt=gedampfter-wolfsbarsch-mit-lauchzwiebeln-und-ingwer-in-sojasose&lang=de","title":{"rendered":"Ged\u00e4mpfter Wolfsbarsch mit Lauchzwiebeln und Ingwer in Sojaso\u00dfe"},"content":{"rendered":"<p>Ged\u00e4mpfter Wolfsbarsch mit Lauchzwiebeln und Ingwer in Sojaso\u00dfe<\/p>\n","protected":false},"excerpt":{"rendered":"<p>Ged\u00e4mpfter Wolfsbarsch mit Lauchzwiebeln und Ingwer in Sojaso\u00dfe<\/p>\n","protected":false},"featured_media":2727,"template":"","meta":[],"product_cat":[58],"product_tag":[],"_links":{"self":[{"href":"https:\/\/yangda.de\/index.php?rest_route=\/wp\/v2\/product\/3669"}],"collection":[{"href":"https:\/\/yangda.de\/index.php?rest_route=\/wp\/v2\/product"}],"about":[{"href":"https:\/\/yangda.de\/index.php?rest_route=\/wp\/v2\/types\/product"}],"wp:featuredmedia":[{"embeddable":true,"href":"https:\/\/yangda.de\/index.php?rest_route=\/wp\/v2\/media\/2727"}],"wp:attachment":[{"href":"https:\/\/yangda.de\/index.php?rest_route=%2Fwp%2Fv2%2Fmedia&parent=3669"}],"wp:term":[{"taxonomy":"product_cat","embeddable":true,"href":"https:\/\/yangda.de\/index.php?rest_route=%2Fwp%2Fv2%2Fproduct_cat&post=3669"},{"taxonomy":"product_tag","embeddable":true,"href":"https:\/\/yangda.de\/index.php?rest_route=%2Fwp%2Fv2%2Fproduct_tag&post=3669"}],"curies":[{"name":"wp","href":"https:\/\/api.w.org\/{rel}","templated":true}]}}