{"id":3705,"date":"2020-04-07T12:51:29","date_gmt":"2020-04-07T10:51:29","guid":{"rendered":"https:\/\/yangda.de\/?product=lamm-in-scheiben-mit-gemuse-gegart-in-sichuanpfeffer-ol-suppe-scharf"},"modified":"2024-10-31T22:34:00","modified_gmt":"2024-10-31T21:34:00","slug":"lamm-in-scheiben-mit-gemuse-gegart-in-sichuanpfeffer-ol-suppe-scharf","status":"publish","type":"product","link":"https:\/\/yangda.de\/?produkt=lamm-in-scheiben-mit-gemuse-gegart-in-sichuanpfeffer-ol-suppe-scharf&lang=de","title":{"rendered":"Lamm in Scheiben mit Gem\u00fcse gegart in Sichuanpfeffer-\u00d6l-Suppe (Scharf)"},"content":{"rendered":"<p>Lamm in Scheiben mit Gem\u00fcse gegart in Sichuanpfeffer-\u00d6l-Suppe (Scharf)<\/p>\n","protected":false},"excerpt":{"rendered":"<p>Lamm in Scheiben mit Gem\u00fcse gegart in Sichuanpfeffer-\u00d6l-Suppe <\/p>\n","protected":false},"featured_media":2589,"template":"","meta":[],"product_cat":[56,61],"product_tag":[],"_links":{"self":[{"href":"https:\/\/yangda.de\/index.php?rest_route=\/wp\/v2\/product\/3705"}],"collection":[{"href":"https:\/\/yangda.de\/index.php?rest_route=\/wp\/v2\/product"}],"about":[{"href":"https:\/\/yangda.de\/index.php?rest_route=\/wp\/v2\/types\/product"}],"wp:featuredmedia":[{"embeddable":true,"href":"https:\/\/yangda.de\/index.php?rest_route=\/wp\/v2\/media\/2589"}],"wp:attachment":[{"href":"https:\/\/yangda.de\/index.php?rest_route=%2Fwp%2Fv2%2Fmedia&parent=3705"}],"wp:term":[{"taxonomy":"product_cat","embeddable":true,"href":"https:\/\/yangda.de\/index.php?rest_route=%2Fwp%2Fv2%2Fproduct_cat&post=3705"},{"taxonomy":"product_tag","embeddable":true,"href":"https:\/\/yangda.de\/index.php?rest_route=%2Fwp%2Fv2%2Fproduct_tag&post=3705"}],"curies":[{"name":"wp","href":"https:\/\/api.w.org\/{rel}","templated":true}]}}