{"id":3737,"date":"2020-04-07T12:50:05","date_gmt":"2020-04-07T10:50:05","guid":{"rendered":"https:\/\/yangda.de\/?product=knusprige-sus-saure-schweinefleischscheiben"},"modified":"2023-12-31T23:02:34","modified_gmt":"2023-12-31T22:02:34","slug":"knusprige-sus-saure-schweinefleischscheiben","status":"publish","type":"product","link":"https:\/\/yangda.de\/?produkt=knusprige-sus-saure-schweinefleischscheiben&lang=de","title":{"rendered":"Knusprige s\u00fc\u00df-saure Schweinefleischscheiben"},"content":{"rendered":"<p>Knusprige s\u00fc\u00df-saure Schweinefleischscheiben<\/p>\n","protected":false},"excerpt":{"rendered":"<p>Knusprige s\u00fc\u00df-saure Schweinefleischscheiben<\/p>\n","protected":false},"featured_media":2673,"template":"","meta":[],"product_cat":[55,61],"product_tag":[],"_links":{"self":[{"href":"https:\/\/yangda.de\/index.php?rest_route=\/wp\/v2\/product\/3737"}],"collection":[{"href":"https:\/\/yangda.de\/index.php?rest_route=\/wp\/v2\/product"}],"about":[{"href":"https:\/\/yangda.de\/index.php?rest_route=\/wp\/v2\/types\/product"}],"wp:featuredmedia":[{"embeddable":true,"href":"https:\/\/yangda.de\/index.php?rest_route=\/wp\/v2\/media\/2673"}],"wp:attachment":[{"href":"https:\/\/yangda.de\/index.php?rest_route=%2Fwp%2Fv2%2Fmedia&parent=3737"}],"wp:term":[{"taxonomy":"product_cat","embeddable":true,"href":"https:\/\/yangda.de\/index.php?rest_route=%2Fwp%2Fv2%2Fproduct_cat&post=3737"},{"taxonomy":"product_tag","embeddable":true,"href":"https:\/\/yangda.de\/index.php?rest_route=%2Fwp%2Fv2%2Fproduct_tag&post=3737"}],"curies":[{"name":"wp","href":"https:\/\/api.w.org\/{rel}","templated":true}]}}