{"id":3744,"date":"2020-04-07T12:50:06","date_gmt":"2020-04-07T10:50:06","guid":{"rendered":"https:\/\/yangda.de\/?product=schweinsfuse-mit-blutenpfeffersalz"},"modified":"2023-12-31T23:02:34","modified_gmt":"2023-12-31T22:02:34","slug":"schweinsfuse-mit-blutenpfeffersalz","status":"publish","type":"product","link":"https:\/\/yangda.de\/?produkt=schweinsfuse-mit-blutenpfeffersalz&lang=de","title":{"rendered":"Schweinsf\u00fc\u00dfe mit Bl\u00fctenpfeffersalz"},"content":{"rendered":"<p>Schweinsf\u00fc\u00dfe mit Bl\u00fctenpfeffersalz <\/p>\n","protected":false},"excerpt":{"rendered":"<p>Schweinsf\u00fc\u00dfe mit Bl\u00fctenpfeffersalz <\/p>\n","protected":false},"featured_media":3267,"template":"","meta":[],"product_cat":[55,61],"product_tag":[],"_links":{"self":[{"href":"https:\/\/yangda.de\/index.php?rest_route=\/wp\/v2\/product\/3744"}],"collection":[{"href":"https:\/\/yangda.de\/index.php?rest_route=\/wp\/v2\/product"}],"about":[{"href":"https:\/\/yangda.de\/index.php?rest_route=\/wp\/v2\/types\/product"}],"wp:featuredmedia":[{"embeddable":true,"href":"https:\/\/yangda.de\/index.php?rest_route=\/wp\/v2\/media\/3267"}],"wp:attachment":[{"href":"https:\/\/yangda.de\/index.php?rest_route=%2Fwp%2Fv2%2Fmedia&parent=3744"}],"wp:term":[{"taxonomy":"product_cat","embeddable":true,"href":"https:\/\/yangda.de\/index.php?rest_route=%2Fwp%2Fv2%2Fproduct_cat&post=3744"},{"taxonomy":"product_tag","embeddable":true,"href":"https:\/\/yangda.de\/index.php?rest_route=%2Fwp%2Fv2%2Fproduct_tag&post=3744"}],"curies":[{"name":"wp","href":"https:\/\/api.w.org\/{rel}","templated":true}]}}